{"id":1722,"date":"2019-04-05T15:22:10","date_gmt":"2019-04-05T15:22:10","guid":{"rendered":"https:\/\/www.www.pt6a.aero\/?page_id=1722\/"},"modified":"2019-09-04T19:03:20","modified_gmt":"2019-09-04T19:03:20","slug":"volare","status":"publish","type":"page","link":"https:\/\/temp.pt6a.aero\/es\/volare\/","title":{"rendered":"ATS VOLARE"},"content":{"rendered":"<p><strong>ATS Volare representa un compromiso con la industria de la Aviaci\u00f3n Agr\u00edcola inigualable por ninguna estaci\u00f3n de servicio de motores en el mundo.<\/strong><\/p>\n<p>Nuestra compa\u00f1\u00eda tiene ra\u00edces profundas en Aviaci\u00f3n Agr\u00edcola y actualmente proveemos servicios MRO a varios operadores importantes y mejor establecidos en el segmento de fumigaci\u00f3n a\u00e9rea.<\/p>\n<p><strong>Expandiendo nuestro nivel de servicio, ahora ofrecemos a clientes muy selectos, soporte con plataformas Thrush y Air Tractor bajo programas de arrendamiento (lease).<\/strong><\/p>\n<p>En ATS Volare no cobramos a nuestros clientes \u201ccargos fantasma\u201d o reservas de motor y avi\u00f3n, no ofrecemos programas que parezcan atractivos y en realidad no lo son.  \u00a1Proveemos la nave, y usted vuela!<\/p>\n","protected":false},"excerpt":{"rendered":"<p>ATS Volare representa un compromiso con la industria de la Aviaci\u00f3n Agr\u00edcola inigualable por ninguna estaci\u00f3n de servicio de motores en el mundo. Nuestra compa\u00f1\u00eda tiene ra\u00edces profundas en Aviaci\u00f3n Agr\u00edcola y actualmente proveemos servicios MRO a varios operadores importantes y mejor establecidos en el segmento de fumigaci\u00f3n a\u00e9rea. Expandiendo nuestro nivel de servicio, ahora ofrecemos a clientes muy selectos, [&hellip;]<\/p>\n","protected":false},"author":7,"featured_media":0,"parent":0,"menu_order":0,"comment_status":"closed","ping_status":"closed","template":"tpl-parts.php","meta":{"footnotes":""},"_links":{"self":[{"href":"https:\/\/temp.pt6a.aero\/es\/wp-json\/wp\/v2\/pages\/1722"}],"collection":[{"href":"https:\/\/temp.pt6a.aero\/es\/wp-json\/wp\/v2\/pages"}],"about":[{"href":"https:\/\/temp.pt6a.aero\/es\/wp-json\/wp\/v2\/types\/page"}],"author":[{"embeddable":true,"href":"https:\/\/temp.pt6a.aero\/es\/wp-json\/wp\/v2\/users\/7"}],"replies":[{"embeddable":true,"href":"https:\/\/temp.pt6a.aero\/es\/wp-json\/wp\/v2\/comments?post=1722"}],"version-history":[{"count":8,"href":"https:\/\/temp.pt6a.aero\/es\/wp-json\/wp\/v2\/pages\/1722\/revisions"}],"predecessor-version":[{"id":1969,"href":"https:\/\/temp.pt6a.aero\/es\/wp-json\/wp\/v2\/pages\/1722\/revisions\/1969"}],"wp:attachment":[{"href":"https:\/\/temp.pt6a.aero\/es\/wp-json\/wp\/v2\/media?parent=1722"}],"curies":[{"name":"wp","href":"https:\/\/api.w.org\/{rel}","templated":true}]}}