{"id":33,"date":"2015-02-19T17:12:45","date_gmt":"2015-02-19T17:12:45","guid":{"rendered":"http:\/\/ats.dev:8888\/?page_id=33"},"modified":"2018-09-06T16:12:02","modified_gmt":"2018-09-06T16:12:02","slug":"home","status":"publish","type":"page","link":"https:\/\/temp.pt6a.aero\/es\/","title":{"rendered":"Inicio"},"content":{"rendered":"<div class=\"content-row\">\n<div class=\"content-col\">\n\t\t<a href=\"\/es\/engine-sales-leasing\" class=\"icon icon-a-engine\"><\/a><\/p>\n<h4>Motores<\/h4>\n<p>ATS es un l\u00edder activo en la compra, venta e intercambio de motores PT6 en todo el mundo. <br \/> <a href=\"\/es\/engine-sales-leasing\"><br \/>Examinar Motores<\/a><\/p>\n<\/p><\/div>\n<div class=\"content-col\">\n\t\t<a href=\"\/es\/maintenance\" class=\"icon icon-a-wrench2\"><\/a><\/p>\n<h4>Mantenimiento<\/h4>\n<p>ATS est\u00e1 certificado en m\u00e1s de 50 pa\u00edses para proveer servicios de reparaci\u00f3n, mantenimiento mayor y revisi\u00f3n general (overhaul) de Motores PT6A. <br \/> <a href=\"\/es\/maintenance\"> <br \/>Conozca M\u00e1s<\/a><\/p>\n<\/p><\/div>\n<div class=\"content-col\">\n\t\t<a href=\"\/es\/parts\" class=\"icon icon-a-cogs\"><\/a><\/p>\n<h4>Partes<\/h4>\n<p>ATS mantiene un inventario completo de partes y accesorios para motores PT6A y PW100. <br \/> <a href=\"\/es\/parts\"><br \/>Buscar Inventario<\/a><\/p>\n<\/p><\/div>\n<\/div>\n","protected":false},"excerpt":{"rendered":"<p>Motores ATS es un l\u00edder activo en la compra, venta e intercambio de motores PT6 en todo el mundo. Examinar Motores Mantenimiento ATS est\u00e1 certificado en m\u00e1s de 50 pa\u00edses para proveer servicios de reparaci\u00f3n, mantenimiento mayor y revisi\u00f3n general (overhaul) de Motores PT6A. Conozca M\u00e1s Partes ATS mantiene un inventario completo de partes y accesorios para motores PT6A y [&hellip;]<\/p>\n","protected":false},"author":1,"featured_media":0,"parent":0,"menu_order":0,"comment_status":"open","ping_status":"closed","template":"tpl-home.php","meta":{"footnotes":""},"_links":{"self":[{"href":"https:\/\/temp.pt6a.aero\/es\/wp-json\/wp\/v2\/pages\/33"}],"collection":[{"href":"https:\/\/temp.pt6a.aero\/es\/wp-json\/wp\/v2\/pages"}],"about":[{"href":"https:\/\/temp.pt6a.aero\/es\/wp-json\/wp\/v2\/types\/page"}],"author":[{"embeddable":true,"href":"https:\/\/temp.pt6a.aero\/es\/wp-json\/wp\/v2\/users\/1"}],"replies":[{"embeddable":true,"href":"https:\/\/temp.pt6a.aero\/es\/wp-json\/wp\/v2\/comments?post=33"}],"version-history":[{"count":26,"href":"https:\/\/temp.pt6a.aero\/es\/wp-json\/wp\/v2\/pages\/33\/revisions"}],"predecessor-version":[{"id":1586,"href":"https:\/\/temp.pt6a.aero\/es\/wp-json\/wp\/v2\/pages\/33\/revisions\/1586"}],"wp:attachment":[{"href":"https:\/\/temp.pt6a.aero\/es\/wp-json\/wp\/v2\/media?parent=33"}],"curies":[{"name":"wp","href":"https:\/\/api.w.org\/{rel}","templated":true}]}}