{"id":34,"date":"2015-02-19T17:12:51","date_gmt":"2015-02-19T17:12:51","guid":{"rendered":"http:\/\/ats.dev:8888\/?page_id=34"},"modified":"2019-09-19T19:26:05","modified_gmt":"2019-09-19T19:26:05","slug":"maintenance","status":"publish","type":"page","link":"https:\/\/temp.pt6a.aero\/es\/maintenance\/","title":{"rendered":"Mantenimiento, Reparaci\u00f3n y Revisi\u00f3n General (Overhaul)"},"content":{"rendered":"<p>En ATS nos tomamos el tiempo para conocer a nuestros clientes, su operaci\u00f3n y el ambiente en que operan sus aviones, son la clave para proveerles servicios de reparaci\u00f3n, revisi\u00f3n general (Overhaul) y modificaciones dise\u00f1ados para mantener un bajo costo de operaci\u00f3n y sus aviones en el aire de manera segura.<\/p>\n<p>Nuestros clientes conocen nuestro nivel de dedicaci\u00f3n, \u00e9sta es la raz\u00f3n por la cual tenemos uno de los m\u00e1s altos \u00edndices de clientes repetitivos en la industria.<\/p>\n","protected":false},"excerpt":{"rendered":"<p>En ATS nos tomamos el tiempo para conocer a nuestros clientes, su operaci\u00f3n y el ambiente en que operan sus aviones, son la clave para proveerles servicios de reparaci\u00f3n, revisi\u00f3n general (Overhaul) y modificaciones dise\u00f1ados para mantener un bajo costo de operaci\u00f3n y sus aviones en el aire de manera segura. Nuestros clientes conocen nuestro nivel de dedicaci\u00f3n, \u00e9sta es [&hellip;]<\/p>\n","protected":false},"author":1,"featured_media":0,"parent":0,"menu_order":0,"comment_status":"open","ping_status":"closed","template":"tpl-maintenance.php","meta":{"footnotes":""},"_links":{"self":[{"href":"https:\/\/temp.pt6a.aero\/es\/wp-json\/wp\/v2\/pages\/34"}],"collection":[{"href":"https:\/\/temp.pt6a.aero\/es\/wp-json\/wp\/v2\/pages"}],"about":[{"href":"https:\/\/temp.pt6a.aero\/es\/wp-json\/wp\/v2\/types\/page"}],"author":[{"embeddable":true,"href":"https:\/\/temp.pt6a.aero\/es\/wp-json\/wp\/v2\/users\/1"}],"replies":[{"embeddable":true,"href":"https:\/\/temp.pt6a.aero\/es\/wp-json\/wp\/v2\/comments?post=34"}],"version-history":[{"count":12,"href":"https:\/\/temp.pt6a.aero\/es\/wp-json\/wp\/v2\/pages\/34\/revisions"}],"predecessor-version":[{"id":2013,"href":"https:\/\/temp.pt6a.aero\/es\/wp-json\/wp\/v2\/pages\/34\/revisions\/2013"}],"wp:attachment":[{"href":"https:\/\/temp.pt6a.aero\/es\/wp-json\/wp\/v2\/media?parent=34"}],"curies":[{"name":"wp","href":"https:\/\/api.w.org\/{rel}","templated":true}]}}