{"id":35,"date":"2015-02-19T17:12:56","date_gmt":"2015-02-19T17:12:56","guid":{"rendered":"http:\/\/ats.dev:8888\/?page_id=35"},"modified":"2019-09-04T19:02:51","modified_gmt":"2019-09-04T19:02:51","slug":"parts","status":"publish","type":"page","link":"https:\/\/temp.pt6a.aero\/es\/parts\/","title":{"rendered":"Repuestos (Partes)"},"content":{"rendered":"<p>ATS mantiene un amplio inventario de repuestos y accesorios de motores PT6.<\/p>\n<p>Nuestro inventario de partes y repuestos para PT6 consiste en repuestos nuevos, en condici\u00f3n de overhaul y serviceables, y repuestos PMA. Adicionalmente hemos establecido relaci\u00f3n con proveedores de repuestos mayoristas que nos permiten cotizarle las partes que usted necesita a un mejor precio.  Nuestro contrato de env\u00edos nos permite enviar repuestos locales e internacionales incluyendo el servicio de entrega al d\u00eda siguiente.<\/p>\n<p><strong>ATS es un comprador competitivo de motores funcionales y de intercambio. Si usted tiene un motor que quiere que nosotros evaluemos para venta por favor cont\u00e1ctenos.<\/strong><\/p>\n<p><strong>Los certificados de Overhaul de ATS son 100% garantizados.<\/strong><br \/>\nSi usted compra un repuesto con certificado de ATS y falla en una segunda inspecci\u00f3n, le devolveremos el precio que usted pag\u00f3, incluyendo el costo de la inspecci\u00f3n por un tercero.<\/p>\n","protected":false},"excerpt":{"rendered":"<p>ATS mantiene un amplio inventario de repuestos y accesorios de motores PT6. Nuestro inventario de partes y repuestos para PT6 consiste en repuestos nuevos, en condici\u00f3n de overhaul y serviceables, y repuestos PMA. Adicionalmente hemos establecido relaci\u00f3n con proveedores de repuestos mayoristas que nos permiten cotizarle las partes que usted necesita a un mejor precio. Nuestro contrato de env\u00edos nos [&hellip;]<\/p>\n","protected":false},"author":1,"featured_media":0,"parent":0,"menu_order":0,"comment_status":"open","ping_status":"closed","template":"tpl-parts.php","meta":{"footnotes":""},"_links":{"self":[{"href":"https:\/\/temp.pt6a.aero\/es\/wp-json\/wp\/v2\/pages\/35"}],"collection":[{"href":"https:\/\/temp.pt6a.aero\/es\/wp-json\/wp\/v2\/pages"}],"about":[{"href":"https:\/\/temp.pt6a.aero\/es\/wp-json\/wp\/v2\/types\/page"}],"author":[{"embeddable":true,"href":"https:\/\/temp.pt6a.aero\/es\/wp-json\/wp\/v2\/users\/1"}],"replies":[{"embeddable":true,"href":"https:\/\/temp.pt6a.aero\/es\/wp-json\/wp\/v2\/comments?post=35"}],"version-history":[{"count":14,"href":"https:\/\/temp.pt6a.aero\/es\/wp-json\/wp\/v2\/pages\/35\/revisions"}],"predecessor-version":[{"id":1968,"href":"https:\/\/temp.pt6a.aero\/es\/wp-json\/wp\/v2\/pages\/35\/revisions\/1968"}],"wp:attachment":[{"href":"https:\/\/temp.pt6a.aero\/es\/wp-json\/wp\/v2\/media?parent=35"}],"curies":[{"name":"wp","href":"https:\/\/api.w.org\/{rel}","templated":true}]}}